{"id":14,"date":"2020-12-12T16:00:02","date_gmt":"2020-12-12T15:00:02","guid":{"rendered":"http:\/\/lesruchersdesaintemaure.fr\/?page_id=14"},"modified":"2021-01-31T01:02:00","modified_gmt":"2021-01-31T00:02:00","slug":"blog","status":"publish","type":"page","link":"https:\/\/lesruchersdesaintemaure.fr\/?page_id=14","title":{"rendered":"Blog"},"content":{"rendered":"\t\t<div data-elementor-type=\"wp-page\" data-elementor-id=\"14\" class=\"elementor elementor-14\">\n\t\t\t\t\t\t<section class=\"elementor-section elementor-top-section elementor-element elementor-element-af83148 elementor-section-boxed elementor-section-height-default elementor-section-height-default parallax_section_no qode_elementor_container_no\" data-id=\"af83148\" data-element_type=\"section\" data-e-type=\"section\">\n\t\t\t\t\t\t<div class=\"elementor-container elementor-column-gap-default\">\n\t\t\t\t\t<div class=\"elementor-column elementor-col-100 elementor-top-column elementor-element elementor-element-1e36ee2\" data-id=\"1e36ee2\" data-element_type=\"column\" data-e-type=\"column\">\n\t\t\t<div class=\"elementor-widget-wrap elementor-element-populated\">\n\t\t\t\t\t\t<div class=\"elementor-element elementor-element-e49ed8a elementor-widget elementor-widget-image\" data-id=\"e49ed8a\" data-element_type=\"widget\" data-e-type=\"widget\" data-widget_type=\"image.default\">\n\t\t\t\t<div class=\"elementor-widget-container\">\n\t\t\t\t\t\t\t\t\t\t\t\t\t\t\t<img fetchpriority=\"high\" decoding=\"async\" width=\"1024\" height=\"336\" src=\"https:\/\/lesruchersdesaintemaure.fr\/wp-content\/uploads\/2020\/12\/Les-ruchers-de-Sainte-Maure-Slider-3-1024x336.png\" class=\"attachment-large size-large wp-image-35\" alt=\"\" srcset=\"https:\/\/lesruchersdesaintemaure.fr\/wp-content\/uploads\/2020\/12\/Les-ruchers-de-Sainte-Maure-Slider-3-1024x336.png 1024w, https:\/\/lesruchersdesaintemaure.fr\/wp-content\/uploads\/2020\/12\/Les-ruchers-de-Sainte-Maure-Slider-3-300x98.png 300w, https:\/\/lesruchersdesaintemaure.fr\/wp-content\/uploads\/2020\/12\/Les-ruchers-de-Sainte-Maure-Slider-3-768x252.png 768w, https:\/\/lesruchersdesaintemaure.fr\/wp-content\/uploads\/2020\/12\/Les-ruchers-de-Sainte-Maure-Slider-3-700x230.png 700w, https:\/\/lesruchersdesaintemaure.fr\/wp-content\/uploads\/2020\/12\/Les-ruchers-de-Sainte-Maure-Slider-3.png 1280w\" sizes=\"(max-width: 1024px) 100vw, 1024px\" \/>\t\t\t\t\t\t\t\t\t\t\t\t\t\t\t<\/div>\n\t\t\t\t<\/div>\n\t\t\t\t\t<\/div>\n\t\t<\/div>\n\t\t\t\t\t<\/div>\n\t\t<\/section>\n\t\t\t\t<section class=\"elementor-section elementor-top-section elementor-element elementor-element-a56810a elementor-section-boxed elementor-section-height-default elementor-section-height-default parallax_section_no qode_elementor_container_no\" data-id=\"a56810a\" data-element_type=\"section\" data-e-type=\"section\">\n\t\t\t\t\t\t<div class=\"elementor-container elementor-column-gap-default\">\n\t\t\t\t\t<div class=\"elementor-column elementor-col-100 elementor-top-column elementor-element elementor-element-ed2d4b6\" data-id=\"ed2d4b6\" data-element_type=\"column\" data-e-type=\"column\">\n\t\t\t<div class=\"elementor-widget-wrap elementor-element-populated\">\n\t\t\t\t\t\t<div class=\"elementor-element elementor-element-4823e90 elementor-widget elementor-widget-spacer\" data-id=\"4823e90\" data-element_type=\"widget\" data-e-type=\"widget\" data-widget_type=\"spacer.default\">\n\t\t\t\t<div class=\"elementor-widget-container\">\n\t\t\t\t\t\t\t<div class=\"elementor-spacer\">\n\t\t\t<div class=\"elementor-spacer-inner\"><\/div>\n\t\t<\/div>\n\t\t\t\t\t\t<\/div>\n\t\t\t\t<\/div>\n\t\t\t\t\t<\/div>\n\t\t<\/div>\n\t\t\t\t\t<\/div>\n\t\t<\/section>\n\t\t\t\t<section class=\"elementor-section elementor-top-section elementor-element elementor-element-f4bc20c elementor-section-boxed elementor-section-height-default elementor-section-height-default parallax_section_no qode_elementor_container_no\" data-id=\"f4bc20c\" data-element_type=\"section\" data-e-type=\"section\">\n\t\t\t\t\t\t<div class=\"elementor-container elementor-column-gap-default\">\n\t\t\t\t\t<div class=\"elementor-column elementor-col-33 elementor-top-column elementor-element elementor-element-73ee79b\" data-id=\"73ee79b\" data-element_type=\"column\" data-e-type=\"column\">\n\t\t\t<div class=\"elementor-widget-wrap elementor-element-populated\">\n\t\t\t\t\t\t<div class=\"elementor-element elementor-element-35c10d8 elementor-widget elementor-widget-image\" data-id=\"35c10d8\" data-element_type=\"widget\" data-e-type=\"widget\" data-widget_type=\"image.default\">\n\t\t\t\t<div class=\"elementor-widget-container\">\n\t\t\t\t\t\t\t\t\t\t\t\t\t\t\t<img decoding=\"async\" width=\"940\" height=\"788\" src=\"https:\/\/lesruchersdesaintemaure.fr\/wp-content\/uploads\/2021\/01\/Les-Ruchers-de-Sainte-Maure-Blog-Pain-de\u0301pice-1.png\" class=\"attachment-large size-large wp-image-183\" alt=\"\" srcset=\"https:\/\/lesruchersdesaintemaure.fr\/wp-content\/uploads\/2021\/01\/Les-Ruchers-de-Sainte-Maure-Blog-Pain-de\u0301pice-1.png 940w, https:\/\/lesruchersdesaintemaure.fr\/wp-content\/uploads\/2021\/01\/Les-Ruchers-de-Sainte-Maure-Blog-Pain-de\u0301pice-1-300x251.png 300w, https:\/\/lesruchersdesaintemaure.fr\/wp-content\/uploads\/2021\/01\/Les-Ruchers-de-Sainte-Maure-Blog-Pain-de\u0301pice-1-768x644.png 768w, https:\/\/lesruchersdesaintemaure.fr\/wp-content\/uploads\/2021\/01\/Les-Ruchers-de-Sainte-Maure-Blog-Pain-de\u0301pice-1-700x587.png 700w\" sizes=\"(max-width: 940px) 100vw, 940px\" \/>\t\t\t\t\t\t\t\t\t\t\t\t\t\t\t<\/div>\n\t\t\t\t<\/div>\n\t\t\t\t\t<\/div>\n\t\t<\/div>\n\t\t\t\t<div class=\"elementor-column elementor-col-33 elementor-top-column elementor-element elementor-element-1b4c753\" data-id=\"1b4c753\" data-element_type=\"column\" data-e-type=\"column\">\n\t\t\t<div class=\"elementor-widget-wrap elementor-element-populated\">\n\t\t\t\t\t\t<div class=\"elementor-element elementor-element-7ea5b41 elementor-widget elementor-widget-image\" data-id=\"7ea5b41\" data-element_type=\"widget\" data-e-type=\"widget\" data-widget_type=\"image.default\">\n\t\t\t\t<div class=\"elementor-widget-container\">\n\t\t\t\t\t\t\t\t\t\t\t\t\t\t\t<img decoding=\"async\" width=\"940\" height=\"788\" src=\"https:\/\/lesruchersdesaintemaure.fr\/wp-content\/uploads\/2021\/01\/Les-Ruchers-de-Sainte-Maure-Blog-Masque-visage.png\" class=\"attachment-large size-large wp-image-181\" alt=\"\" srcset=\"https:\/\/lesruchersdesaintemaure.fr\/wp-content\/uploads\/2021\/01\/Les-Ruchers-de-Sainte-Maure-Blog-Masque-visage.png 940w, https:\/\/lesruchersdesaintemaure.fr\/wp-content\/uploads\/2021\/01\/Les-Ruchers-de-Sainte-Maure-Blog-Masque-visage-300x251.png 300w, https:\/\/lesruchersdesaintemaure.fr\/wp-content\/uploads\/2021\/01\/Les-Ruchers-de-Sainte-Maure-Blog-Masque-visage-768x644.png 768w, https:\/\/lesruchersdesaintemaure.fr\/wp-content\/uploads\/2021\/01\/Les-Ruchers-de-Sainte-Maure-Blog-Masque-visage-700x587.png 700w\" sizes=\"(max-width: 940px) 100vw, 940px\" \/>\t\t\t\t\t\t\t\t\t\t\t\t\t\t\t<\/div>\n\t\t\t\t<\/div>\n\t\t\t\t\t<\/div>\n\t\t<\/div>\n\t\t\t\t<div class=\"elementor-column elementor-col-33 elementor-top-column elementor-element elementor-element-80f427d\" data-id=\"80f427d\" data-element_type=\"column\" data-e-type=\"column\">\n\t\t\t<div class=\"elementor-widget-wrap elementor-element-populated\">\n\t\t\t\t\t\t<div class=\"elementor-element elementor-element-f6d7863 elementor-widget elementor-widget-image\" data-id=\"f6d7863\" data-element_type=\"widget\" data-e-type=\"widget\" data-widget_type=\"image.default\">\n\t\t\t\t<div class=\"elementor-widget-container\">\n\t\t\t\t\t\t\t\t\t\t\t\t\t\t\t<img loading=\"lazy\" decoding=\"async\" width=\"940\" height=\"788\" src=\"https:\/\/lesruchersdesaintemaure.fr\/wp-content\/uploads\/2021\/01\/Les-Ruchers-de-Sainte-Maure-Blog-Bienfaits-miel.png\" class=\"attachment-large size-large wp-image-182\" alt=\"\" srcset=\"https:\/\/lesruchersdesaintemaure.fr\/wp-content\/uploads\/2021\/01\/Les-Ruchers-de-Sainte-Maure-Blog-Bienfaits-miel.png 940w, https:\/\/lesruchersdesaintemaure.fr\/wp-content\/uploads\/2021\/01\/Les-Ruchers-de-Sainte-Maure-Blog-Bienfaits-miel-300x251.png 300w, https:\/\/lesruchersdesaintemaure.fr\/wp-content\/uploads\/2021\/01\/Les-Ruchers-de-Sainte-Maure-Blog-Bienfaits-miel-768x644.png 768w, https:\/\/lesruchersdesaintemaure.fr\/wp-content\/uploads\/2021\/01\/Les-Ruchers-de-Sainte-Maure-Blog-Bienfaits-miel-700x587.png 700w\" sizes=\"(max-width: 940px) 100vw, 940px\" \/>\t\t\t\t\t\t\t\t\t\t\t\t\t\t\t<\/div>\n\t\t\t\t<\/div>\n\t\t\t\t\t<\/div>\n\t\t<\/div>\n\t\t\t\t\t<\/div>\n\t\t<\/section>\n\t\t\t\t<section class=\"elementor-section elementor-top-section elementor-element elementor-element-9275629 elementor-section-boxed elementor-section-height-default elementor-section-height-default parallax_section_no qode_elementor_container_no\" data-id=\"9275629\" data-element_type=\"section\" data-e-type=\"section\">\n\t\t\t\t\t\t<div class=\"elementor-container elementor-column-gap-default\">\n\t\t\t\t\t<div class=\"elementor-column elementor-col-100 elementor-top-column elementor-element elementor-element-fc2dfc6\" data-id=\"fc2dfc6\" data-element_type=\"column\" data-e-type=\"column\">\n\t\t\t<div class=\"elementor-widget-wrap elementor-element-populated\">\n\t\t\t\t\t\t<div class=\"elementor-element elementor-element-6137f41 elementor-widget elementor-widget-spacer\" data-id=\"6137f41\" data-element_type=\"widget\" data-e-type=\"widget\" data-widget_type=\"spacer.default\">\n\t\t\t\t<div class=\"elementor-widget-container\">\n\t\t\t\t\t\t\t<div class=\"elementor-spacer\">\n\t\t\t<div class=\"elementor-spacer-inner\"><\/div>\n\t\t<\/div>\n\t\t\t\t\t\t<\/div>\n\t\t\t\t<\/div>\n\t\t\t\t\t<\/div>\n\t\t<\/div>\n\t\t\t\t\t<\/div>\n\t\t<\/section>\n\t\t\t\t<section class=\"elementor-section elementor-top-section elementor-element elementor-element-f7b00d5 elementor-section-boxed elementor-section-height-default elementor-section-height-default parallax_section_no qode_elementor_container_no\" data-id=\"f7b00d5\" data-element_type=\"section\" data-e-type=\"section\" data-settings=\"{&quot;background_background&quot;:&quot;classic&quot;}\">\n\t\t\t\t\t\t<div class=\"elementor-container elementor-column-gap-default\">\n\t\t\t\t\t<div class=\"elementor-column elementor-col-100 elementor-top-column elementor-element elementor-element-02a60be\" data-id=\"02a60be\" data-element_type=\"column\" data-e-type=\"column\">\n\t\t\t<div class=\"elementor-widget-wrap elementor-element-populated\">\n\t\t\t\t\t\t<div class=\"elementor-element elementor-element-e785882 elementor-widget elementor-widget-spacer\" data-id=\"e785882\" data-element_type=\"widget\" data-e-type=\"widget\" data-widget_type=\"spacer.default\">\n\t\t\t\t<div class=\"elementor-widget-container\">\n\t\t\t\t\t\t\t<div class=\"elementor-spacer\">\n\t\t\t<div class=\"elementor-spacer-inner\"><\/div>\n\t\t<\/div>\n\t\t\t\t\t\t<\/div>\n\t\t\t\t<\/div>\n\t\t\t\t<div class=\"elementor-element elementor-element-b33a0ca elementor-widget elementor-widget-text-editor\" data-id=\"b33a0ca\" data-element_type=\"widget\" data-e-type=\"widget\" data-widget_type=\"text-editor.default\">\n\t\t\t\t<div class=\"elementor-widget-container\">\n\t\t\t\t\t\t\t\t\t<p>Apr\u00e8s avoir d\u00e9couvert toutes ces recettes, DIY et autres conseils, il ne manque plus qu&rsquo;\u00e0 les tester avec nos produits<\/p>\t\t\t\t\t\t\t\t<\/div>\n\t\t\t\t<\/div>\n\t\t\t\t<div class=\"elementor-element elementor-element-4a4fd83 elementor-align-center elementor-invisible elementor-widget elementor-widget-button\" data-id=\"4a4fd83\" data-element_type=\"widget\" data-e-type=\"widget\" data-settings=\"{&quot;_animation&quot;:&quot;zoomIn&quot;}\" data-widget_type=\"button.default\">\n\t\t\t\t<div class=\"elementor-widget-container\">\n\t\t\t\t\t\t\t\t\t<div class=\"elementor-button-wrapper\">\n\t\t\t\t\t<a class=\"elementor-button elementor-button-link elementor-size-sm elementor-animation-grow\" href=\"http:\/\/lesruchersdesaintemaure.fr\/?page_id=8\">\n\t\t\t\t\t\t<span class=\"elementor-button-content-wrapper\">\n\t\t\t\t\t\t\t\t\t<span class=\"elementor-button-text\">DECOUVREZ NOS PRODUITS MEILL\u00c9S ICI<\/span>\n\t\t\t\t\t<\/span>\n\t\t\t\t\t<\/a>\n\t\t\t\t<\/div>\n\t\t\t\t\t\t\t\t<\/div>\n\t\t\t\t<\/div>\n\t\t\t\t<div class=\"elementor-element elementor-element-d712165 elementor-widget elementor-widget-spacer\" data-id=\"d712165\" data-element_type=\"widget\" data-e-type=\"widget\" data-widget_type=\"spacer.default\">\n\t\t\t\t<div class=\"elementor-widget-container\">\n\t\t\t\t\t\t\t<div class=\"elementor-spacer\">\n\t\t\t<div class=\"elementor-spacer-inner\"><\/div>\n\t\t<\/div>\n\t\t\t\t\t\t<\/div>\n\t\t\t\t<\/div>\n\t\t\t\t\t<\/div>\n\t\t<\/div>\n\t\t\t\t\t<\/div>\n\t\t<\/section>\n\t\t\t\t<section class=\"elementor-section elementor-top-section elementor-element elementor-element-62e93a9 elementor-section-boxed elementor-section-height-default elementor-section-height-default parallax_section_no qode_elementor_container_no\" data-id=\"62e93a9\" data-element_type=\"section\" data-e-type=\"section\">\n\t\t\t\t\t\t<div class=\"elementor-container elementor-column-gap-default\">\n\t\t\t\t\t<div class=\"elementor-column elementor-col-100 elementor-top-column elementor-element elementor-element-c2b9192\" data-id=\"c2b9192\" data-element_type=\"column\" data-e-type=\"column\">\n\t\t\t<div class=\"elementor-widget-wrap elementor-element-populated\">\n\t\t\t\t\t\t<div class=\"elementor-element elementor-element-83766dd elementor-widget elementor-widget-spacer\" data-id=\"83766dd\" data-element_type=\"widget\" data-e-type=\"widget\" data-widget_type=\"spacer.default\">\n\t\t\t\t<div class=\"elementor-widget-container\">\n\t\t\t\t\t\t\t<div class=\"elementor-spacer\">\n\t\t\t<div class=\"elementor-spacer-inner\"><\/div>\n\t\t<\/div>\n\t\t\t\t\t\t<\/div>\n\t\t\t\t<\/div>\n\t\t\t\t\t<\/div>\n\t\t<\/div>\n\t\t\t\t\t<\/div>\n\t\t<\/section>\n\t\t\t\t<\/div>\n\t\t","protected":false},"excerpt":{"rendered":"<p>Apr\u00e8s avoir d\u00e9couvert toutes ces recettes, DIY et autres conseils, il ne manque plus qu&rsquo;\u00e0 les tester avec nos produits DECOUVREZ NOS PRODUITS MEILL\u00c9S ICI<\/p>\n","protected":false},"author":1,"featured_media":0,"parent":0,"menu_order":0,"comment_status":"closed","ping_status":"closed","template":"","meta":{"_monsterinsights_skip_tracking":false,"_monsterinsights_sitenote_active":false,"_monsterinsights_sitenote_note":"","_monsterinsights_sitenote_category":0,"footnotes":""},"class_list":["post-14","page","type-page","status-publish","hentry"],"yoast_head":"<!-- This site is optimized with the Yoast SEO plugin v27.4 - https:\/\/yoast.com\/product\/yoast-seo-wordpress\/ -->\n<title>Blog - Les Ruchers de Sainte-Maure<\/title>\n<meta name=\"robots\" content=\"index, follow, max-snippet:-1, max-image-preview:large, max-video-preview:-1\" \/>\n<link rel=\"canonical\" href=\"https:\/\/lesruchersdesaintemaure.fr\/?page_id=14\" \/>\n<meta property=\"og:locale\" content=\"fr_FR\" \/>\n<meta property=\"og:type\" content=\"article\" \/>\n<meta property=\"og:title\" content=\"Blog - Les Ruchers de Sainte-Maure\" \/>\n<meta property=\"og:description\" content=\"Apr\u00e8s avoir d\u00e9couvert toutes ces recettes, DIY et autres conseils, il ne manque plus qu&rsquo;\u00e0 les tester avec nos produits DECOUVREZ NOS PRODUITS MEILL\u00c9S ICI\" \/>\n<meta property=\"og:url\" content=\"https:\/\/lesruchersdesaintemaure.fr\/?page_id=14\" \/>\n<meta property=\"og:site_name\" content=\"Les Ruchers de Sainte-Maure\" \/>\n<meta property=\"article:modified_time\" content=\"2021-01-31T00:02:00+00:00\" \/>\n<meta property=\"og:image\" content=\"http:\/\/lesruchersdesaintemaure.fr\/wp-content\/uploads\/2020\/12\/Les-ruchers-de-Sainte-Maure-Slider-3-1024x336.png\" \/>\n<meta name=\"twitter:card\" content=\"summary_large_image\" \/>\n<script type=\"application\/ld+json\" class=\"yoast-schema-graph\">{\"@context\":\"https:\\\/\\\/schema.org\",\"@graph\":[{\"@type\":\"WebPage\",\"@id\":\"https:\\\/\\\/lesruchersdesaintemaure.fr\\\/?page_id=14\",\"url\":\"https:\\\/\\\/lesruchersdesaintemaure.fr\\\/?page_id=14\",\"name\":\"Blog - Les Ruchers de Sainte-Maure\",\"isPartOf\":{\"@id\":\"https:\\\/\\\/lesruchersdesaintemaure.fr\\\/#website\"},\"primaryImageOfPage\":{\"@id\":\"https:\\\/\\\/lesruchersdesaintemaure.fr\\\/?page_id=14#primaryimage\"},\"image\":{\"@id\":\"https:\\\/\\\/lesruchersdesaintemaure.fr\\\/?page_id=14#primaryimage\"},\"thumbnailUrl\":\"http:\\\/\\\/lesruchersdesaintemaure.fr\\\/wp-content\\\/uploads\\\/2020\\\/12\\\/Les-ruchers-de-Sainte-Maure-Slider-3-1024x336.png\",\"datePublished\":\"2020-12-12T15:00:02+00:00\",\"dateModified\":\"2021-01-31T00:02:00+00:00\",\"breadcrumb\":{\"@id\":\"https:\\\/\\\/lesruchersdesaintemaure.fr\\\/?page_id=14#breadcrumb\"},\"inLanguage\":\"fr-FR\",\"potentialAction\":[{\"@type\":\"ReadAction\",\"target\":[\"https:\\\/\\\/lesruchersdesaintemaure.fr\\\/?page_id=14\"]}]},{\"@type\":\"ImageObject\",\"inLanguage\":\"fr-FR\",\"@id\":\"https:\\\/\\\/lesruchersdesaintemaure.fr\\\/?page_id=14#primaryimage\",\"url\":\"https:\\\/\\\/lesruchersdesaintemaure.fr\\\/wp-content\\\/uploads\\\/2020\\\/12\\\/Les-ruchers-de-Sainte-Maure-Slider-3.png\",\"contentUrl\":\"https:\\\/\\\/lesruchersdesaintemaure.fr\\\/wp-content\\\/uploads\\\/2020\\\/12\\\/Les-ruchers-de-Sainte-Maure-Slider-3.png\",\"width\":1280,\"height\":420},{\"@type\":\"BreadcrumbList\",\"@id\":\"https:\\\/\\\/lesruchersdesaintemaure.fr\\\/?page_id=14#breadcrumb\",\"itemListElement\":[{\"@type\":\"ListItem\",\"position\":1,\"name\":\"Accueil\",\"item\":\"https:\\\/\\\/lesruchersdesaintemaure.fr\\\/\"},{\"@type\":\"ListItem\",\"position\":2,\"name\":\"Blog\"}]},{\"@type\":\"WebSite\",\"@id\":\"https:\\\/\\\/lesruchersdesaintemaure.fr\\\/#website\",\"url\":\"https:\\\/\\\/lesruchersdesaintemaure.fr\\\/\",\"name\":\"Les Ruchers de Sainte-Maure\",\"description\":\"Produits de la ruche\",\"potentialAction\":[{\"@type\":\"SearchAction\",\"target\":{\"@type\":\"EntryPoint\",\"urlTemplate\":\"https:\\\/\\\/lesruchersdesaintemaure.fr\\\/?s={search_term_string}\"},\"query-input\":{\"@type\":\"PropertyValueSpecification\",\"valueRequired\":true,\"valueName\":\"search_term_string\"}}],\"inLanguage\":\"fr-FR\"}]}<\/script>\n<!-- \/ Yoast SEO plugin. -->","yoast_head_json":{"title":"Blog - Les Ruchers de Sainte-Maure","robots":{"index":"index","follow":"follow","max-snippet":"max-snippet:-1","max-image-preview":"max-image-preview:large","max-video-preview":"max-video-preview:-1"},"canonical":"https:\/\/lesruchersdesaintemaure.fr\/?page_id=14","og_locale":"fr_FR","og_type":"article","og_title":"Blog - Les Ruchers de Sainte-Maure","og_description":"Apr\u00e8s avoir d\u00e9couvert toutes ces recettes, DIY et autres conseils, il ne manque plus qu&rsquo;\u00e0 les tester avec nos produits DECOUVREZ NOS PRODUITS MEILL\u00c9S ICI","og_url":"https:\/\/lesruchersdesaintemaure.fr\/?page_id=14","og_site_name":"Les Ruchers de Sainte-Maure","article_modified_time":"2021-01-31T00:02:00+00:00","og_image":[{"url":"http:\/\/lesruchersdesaintemaure.fr\/wp-content\/uploads\/2020\/12\/Les-ruchers-de-Sainte-Maure-Slider-3-1024x336.png","type":"","width":"","height":""}],"twitter_card":"summary_large_image","schema":{"@context":"https:\/\/schema.org","@graph":[{"@type":"WebPage","@id":"https:\/\/lesruchersdesaintemaure.fr\/?page_id=14","url":"https:\/\/lesruchersdesaintemaure.fr\/?page_id=14","name":"Blog - Les Ruchers de Sainte-Maure","isPartOf":{"@id":"https:\/\/lesruchersdesaintemaure.fr\/#website"},"primaryImageOfPage":{"@id":"https:\/\/lesruchersdesaintemaure.fr\/?page_id=14#primaryimage"},"image":{"@id":"https:\/\/lesruchersdesaintemaure.fr\/?page_id=14#primaryimage"},"thumbnailUrl":"http:\/\/lesruchersdesaintemaure.fr\/wp-content\/uploads\/2020\/12\/Les-ruchers-de-Sainte-Maure-Slider-3-1024x336.png","datePublished":"2020-12-12T15:00:02+00:00","dateModified":"2021-01-31T00:02:00+00:00","breadcrumb":{"@id":"https:\/\/lesruchersdesaintemaure.fr\/?page_id=14#breadcrumb"},"inLanguage":"fr-FR","potentialAction":[{"@type":"ReadAction","target":["https:\/\/lesruchersdesaintemaure.fr\/?page_id=14"]}]},{"@type":"ImageObject","inLanguage":"fr-FR","@id":"https:\/\/lesruchersdesaintemaure.fr\/?page_id=14#primaryimage","url":"https:\/\/lesruchersdesaintemaure.fr\/wp-content\/uploads\/2020\/12\/Les-ruchers-de-Sainte-Maure-Slider-3.png","contentUrl":"https:\/\/lesruchersdesaintemaure.fr\/wp-content\/uploads\/2020\/12\/Les-ruchers-de-Sainte-Maure-Slider-3.png","width":1280,"height":420},{"@type":"BreadcrumbList","@id":"https:\/\/lesruchersdesaintemaure.fr\/?page_id=14#breadcrumb","itemListElement":[{"@type":"ListItem","position":1,"name":"Accueil","item":"https:\/\/lesruchersdesaintemaure.fr\/"},{"@type":"ListItem","position":2,"name":"Blog"}]},{"@type":"WebSite","@id":"https:\/\/lesruchersdesaintemaure.fr\/#website","url":"https:\/\/lesruchersdesaintemaure.fr\/","name":"Les Ruchers de Sainte-Maure","description":"Produits de la ruche","potentialAction":[{"@type":"SearchAction","target":{"@type":"EntryPoint","urlTemplate":"https:\/\/lesruchersdesaintemaure.fr\/?s={search_term_string}"},"query-input":{"@type":"PropertyValueSpecification","valueRequired":true,"valueName":"search_term_string"}}],"inLanguage":"fr-FR"}]}},"_links":{"self":[{"href":"https:\/\/lesruchersdesaintemaure.fr\/index.php?rest_route=\/wp\/v2\/pages\/14","targetHints":{"allow":["GET"]}}],"collection":[{"href":"https:\/\/lesruchersdesaintemaure.fr\/index.php?rest_route=\/wp\/v2\/pages"}],"about":[{"href":"https:\/\/lesruchersdesaintemaure.fr\/index.php?rest_route=\/wp\/v2\/types\/page"}],"author":[{"embeddable":true,"href":"https:\/\/lesruchersdesaintemaure.fr\/index.php?rest_route=\/wp\/v2\/users\/1"}],"replies":[{"embeddable":true,"href":"https:\/\/lesruchersdesaintemaure.fr\/index.php?rest_route=%2Fwp%2Fv2%2Fcomments&post=14"}],"version-history":[{"count":10,"href":"https:\/\/lesruchersdesaintemaure.fr\/index.php?rest_route=\/wp\/v2\/pages\/14\/revisions"}],"predecessor-version":[{"id":192,"href":"https:\/\/lesruchersdesaintemaure.fr\/index.php?rest_route=\/wp\/v2\/pages\/14\/revisions\/192"}],"wp:attachment":[{"href":"https:\/\/lesruchersdesaintemaure.fr\/index.php?rest_route=%2Fwp%2Fv2%2Fmedia&parent=14"}],"curies":[{"name":"wp","href":"https:\/\/api.w.org\/{rel}","templated":true}]}}