{"id":365,"date":"2021-02-12T23:02:27","date_gmt":"2021-02-12T22:02:27","guid":{"rendered":"http:\/\/lesruchersdesaintemaure.fr\/?page_id=365"},"modified":"2021-02-12T23:05:15","modified_gmt":"2021-02-12T22:05:15","slug":"mentions-legales","status":"publish","type":"page","link":"https:\/\/lesruchersdesaintemaure.fr\/?page_id=365","title":{"rendered":"Mentions L\u00e9gales"},"content":{"rendered":"\t\t<div data-elementor-type=\"wp-page\" data-elementor-id=\"365\" class=\"elementor elementor-365\">\n\t\t\t\t\t\t<section class=\"elementor-section elementor-top-section elementor-element elementor-element-1f8b6a9 elementor-section-boxed elementor-section-height-default elementor-section-height-default parallax_section_no qode_elementor_container_no\" data-id=\"1f8b6a9\" data-element_type=\"section\" data-e-type=\"section\">\n\t\t\t\t\t\t<div class=\"elementor-container elementor-column-gap-default\">\n\t\t\t\t\t<div class=\"elementor-column elementor-col-100 elementor-top-column elementor-element elementor-element-7cb3f69\" data-id=\"7cb3f69\" data-element_type=\"column\" data-e-type=\"column\">\n\t\t\t<div class=\"elementor-widget-wrap elementor-element-populated\">\n\t\t\t\t\t\t<div class=\"elementor-element elementor-element-8c0c2bd elementor-widget elementor-widget-text-editor\" data-id=\"8c0c2bd\" data-element_type=\"widget\" data-e-type=\"widget\" data-widget_type=\"text-editor.default\">\n\t\t\t\t<div class=\"elementor-widget-container\">\n\t\t\t\t\t\t\t\t\t<p><b>1 \u2013 \u00c9diteur du Site<\/b><\/p><p>Les Ruchers de Sainte-Maure<br \/>Num\u00e9ro de SIRET :\u00a0<span class=\"copyNumber__copy\"><br \/><\/span><i id=\"siret_icon\" class=\"i-copy copyNumber__icon\"><\/i>Responsable \u00e9ditorial : Claudie Pigeot<br \/>Adresse : 65 Route de M\u00e9ry 10150 SAINTE-MAURE<br \/>Email : <a href=\"mailto:lesruchersdesaintemaure@gmail.com\">lesruchersdesaintemaure@gmail.com<\/a><\/p><p>\u00a0<\/p><p><b>2 \u2013 H\u00e9bergement<br \/><\/b>H\u00e9bergeur : OVH<br \/>2 rue Kellermann \u2013 BP 80157 59053 ROUBAIX CEDEX 1<br \/>Site Web :\u00a0www.ovh.com<\/p><p>\u00a0<\/p><p><b>3 \u2013 Propri\u00e9t\u00e9 intellectuelle<\/b><\/p><p>Tout le contenu du pr\u00e9sent site (graphismes, images, textes, vid\u00e9os, animations, sons, logos, gifs, ic\u00f4nes, produits) ainsi que leur mise en forme sont la propri\u00e9t\u00e9 exclusive de la soci\u00e9t\u00e9 \u00e0 l\u2019exception des marques, logos ou contenus appartenant \u00e0 d\u2019autres soci\u00e9t\u00e9s partenaires ou auteurs.<\/p><p>Toute reproduction, distribution, modification, adaptation, retransmission ou publication, m\u00eame partielle, de ces diff\u00e9rents \u00e9l\u00e9ments est strictement interdite sans l\u2019accord expr\u00e8s par \u00e9crit aux Ruchers de Sainte-Maure.<br \/><br \/><\/p><p><b>4 \u2013 Donn\u00e9es personnelles<\/b><\/p><p>De mani\u00e8re g\u00e9n\u00e9rale, vous n\u2019\u00eates pas tenu de nous communiquer vos donn\u00e9es personnelles lorsque vous visitez notre site Internet.\u00a0<\/p><p>Cependant, ce principe comporte certaines exceptions (comme votre num\u00e9ro de t\u00e9l\u00e9phone ou votre mail utilis\u00e9s pour nous contacter).\u00a0<\/p><p>Ces donn\u00e9es ne seront utilis\u00e9es par Les Ruchers de Sainte-Maure uniquement pour r\u00e9pondre \u00e0 vos demandes et questions.\u00a0<\/p><div id=\"liker\" class=\" clear bor1 mgt6 bor-grey\"><div class=\"mainwrap\">\u00a0<\/div><\/div>\t\t\t\t\t\t\t\t<\/div>\n\t\t\t\t<\/div>\n\t\t\t\t\t<\/div>\n\t\t<\/div>\n\t\t\t\t\t<\/div>\n\t\t<\/section>\n\t\t\t\t<\/div>\n\t\t","protected":false},"excerpt":{"rendered":"<p>1 \u2013 \u00c9diteur du Site Les Ruchers de Sainte-MaureNum\u00e9ro de SIRET :\u00a0Responsable \u00e9ditorial : Claudie PigeotAdresse : 65 Route de M\u00e9ry 10150 SAINTE-MAUREEmail : lesruchersdesaintemaure@gmail.com \u00a0 2 \u2013 H\u00e9bergementH\u00e9bergeur : OVH2 rue Kellermann \u2013 BP 80157 59053 ROUBAIX CEDEX 1Site Web :\u00a0www.ovh.com \u00a0 3 \u2013&#8230;<\/p>\n","protected":false},"author":1,"featured_media":0,"parent":0,"menu_order":0,"comment_status":"closed","ping_status":"closed","template":"","meta":{"_monsterinsights_skip_tracking":false,"_monsterinsights_sitenote_active":false,"_monsterinsights_sitenote_note":"","_monsterinsights_sitenote_category":0,"footnotes":""},"class_list":["post-365","page","type-page","status-publish","hentry"],"yoast_head":"<!-- This site is optimized with the Yoast SEO plugin v27.4 - https:\/\/yoast.com\/product\/yoast-seo-wordpress\/ -->\n<title>Mentions L\u00e9gales - Les Ruchers de Sainte-Maure<\/title>\n<meta name=\"robots\" content=\"index, follow, max-snippet:-1, max-image-preview:large, max-video-preview:-1\" \/>\n<link rel=\"canonical\" href=\"https:\/\/lesruchersdesaintemaure.fr\/?page_id=365\" \/>\n<meta property=\"og:locale\" content=\"fr_FR\" \/>\n<meta property=\"og:type\" content=\"article\" \/>\n<meta property=\"og:title\" content=\"Mentions L\u00e9gales - Les Ruchers de Sainte-Maure\" \/>\n<meta property=\"og:description\" content=\"1 \u2013 \u00c9diteur du Site Les Ruchers de Sainte-MaureNum\u00e9ro de SIRET :\u00a0Responsable \u00e9ditorial : Claudie PigeotAdresse : 65 Route de M\u00e9ry 10150 SAINTE-MAUREEmail : lesruchersdesaintemaure@gmail.com \u00a0 2 \u2013 H\u00e9bergementH\u00e9bergeur : OVH2 rue Kellermann \u2013 BP 80157 59053 ROUBAIX CEDEX 1Site Web :\u00a0www.ovh.com \u00a0 3 \u2013...\" \/>\n<meta property=\"og:url\" content=\"https:\/\/lesruchersdesaintemaure.fr\/?page_id=365\" \/>\n<meta property=\"og:site_name\" content=\"Les Ruchers de Sainte-Maure\" \/>\n<meta property=\"article:modified_time\" content=\"2021-02-12T22:05:15+00:00\" \/>\n<meta name=\"twitter:card\" content=\"summary_large_image\" \/>\n<meta name=\"twitter:label1\" content=\"Dur\u00e9e de lecture estim\u00e9e\" \/>\n\t<meta name=\"twitter:data1\" content=\"1 minute\" \/>\n<script type=\"application\/ld+json\" class=\"yoast-schema-graph\">{\"@context\":\"https:\\\/\\\/schema.org\",\"@graph\":[{\"@type\":\"WebPage\",\"@id\":\"https:\\\/\\\/lesruchersdesaintemaure.fr\\\/?page_id=365\",\"url\":\"https:\\\/\\\/lesruchersdesaintemaure.fr\\\/?page_id=365\",\"name\":\"Mentions L\u00e9gales - Les Ruchers de Sainte-Maure\",\"isPartOf\":{\"@id\":\"https:\\\/\\\/lesruchersdesaintemaure.fr\\\/#website\"},\"datePublished\":\"2021-02-12T22:02:27+00:00\",\"dateModified\":\"2021-02-12T22:05:15+00:00\",\"breadcrumb\":{\"@id\":\"https:\\\/\\\/lesruchersdesaintemaure.fr\\\/?page_id=365#breadcrumb\"},\"inLanguage\":\"fr-FR\",\"potentialAction\":[{\"@type\":\"ReadAction\",\"target\":[\"https:\\\/\\\/lesruchersdesaintemaure.fr\\\/?page_id=365\"]}]},{\"@type\":\"BreadcrumbList\",\"@id\":\"https:\\\/\\\/lesruchersdesaintemaure.fr\\\/?page_id=365#breadcrumb\",\"itemListElement\":[{\"@type\":\"ListItem\",\"position\":1,\"name\":\"Accueil\",\"item\":\"https:\\\/\\\/lesruchersdesaintemaure.fr\\\/\"},{\"@type\":\"ListItem\",\"position\":2,\"name\":\"Mentions L\u00e9gales\"}]},{\"@type\":\"WebSite\",\"@id\":\"https:\\\/\\\/lesruchersdesaintemaure.fr\\\/#website\",\"url\":\"https:\\\/\\\/lesruchersdesaintemaure.fr\\\/\",\"name\":\"Les Ruchers de Sainte-Maure\",\"description\":\"Produits de la ruche\",\"potentialAction\":[{\"@type\":\"SearchAction\",\"target\":{\"@type\":\"EntryPoint\",\"urlTemplate\":\"https:\\\/\\\/lesruchersdesaintemaure.fr\\\/?s={search_term_string}\"},\"query-input\":{\"@type\":\"PropertyValueSpecification\",\"valueRequired\":true,\"valueName\":\"search_term_string\"}}],\"inLanguage\":\"fr-FR\"}]}<\/script>\n<!-- \/ Yoast SEO plugin. -->","yoast_head_json":{"title":"Mentions L\u00e9gales - Les Ruchers de Sainte-Maure","robots":{"index":"index","follow":"follow","max-snippet":"max-snippet:-1","max-image-preview":"max-image-preview:large","max-video-preview":"max-video-preview:-1"},"canonical":"https:\/\/lesruchersdesaintemaure.fr\/?page_id=365","og_locale":"fr_FR","og_type":"article","og_title":"Mentions L\u00e9gales - Les Ruchers de Sainte-Maure","og_description":"1 \u2013 \u00c9diteur du Site Les Ruchers de Sainte-MaureNum\u00e9ro de SIRET :\u00a0Responsable \u00e9ditorial : Claudie PigeotAdresse : 65 Route de M\u00e9ry 10150 SAINTE-MAUREEmail : lesruchersdesaintemaure@gmail.com \u00a0 2 \u2013 H\u00e9bergementH\u00e9bergeur : OVH2 rue Kellermann \u2013 BP 80157 59053 ROUBAIX CEDEX 1Site Web :\u00a0www.ovh.com \u00a0 3 \u2013...","og_url":"https:\/\/lesruchersdesaintemaure.fr\/?page_id=365","og_site_name":"Les Ruchers de Sainte-Maure","article_modified_time":"2021-02-12T22:05:15+00:00","twitter_card":"summary_large_image","twitter_misc":{"Dur\u00e9e de lecture estim\u00e9e":"1 minute"},"schema":{"@context":"https:\/\/schema.org","@graph":[{"@type":"WebPage","@id":"https:\/\/lesruchersdesaintemaure.fr\/?page_id=365","url":"https:\/\/lesruchersdesaintemaure.fr\/?page_id=365","name":"Mentions L\u00e9gales - Les Ruchers de Sainte-Maure","isPartOf":{"@id":"https:\/\/lesruchersdesaintemaure.fr\/#website"},"datePublished":"2021-02-12T22:02:27+00:00","dateModified":"2021-02-12T22:05:15+00:00","breadcrumb":{"@id":"https:\/\/lesruchersdesaintemaure.fr\/?page_id=365#breadcrumb"},"inLanguage":"fr-FR","potentialAction":[{"@type":"ReadAction","target":["https:\/\/lesruchersdesaintemaure.fr\/?page_id=365"]}]},{"@type":"BreadcrumbList","@id":"https:\/\/lesruchersdesaintemaure.fr\/?page_id=365#breadcrumb","itemListElement":[{"@type":"ListItem","position":1,"name":"Accueil","item":"https:\/\/lesruchersdesaintemaure.fr\/"},{"@type":"ListItem","position":2,"name":"Mentions L\u00e9gales"}]},{"@type":"WebSite","@id":"https:\/\/lesruchersdesaintemaure.fr\/#website","url":"https:\/\/lesruchersdesaintemaure.fr\/","name":"Les Ruchers de Sainte-Maure","description":"Produits de la ruche","potentialAction":[{"@type":"SearchAction","target":{"@type":"EntryPoint","urlTemplate":"https:\/\/lesruchersdesaintemaure.fr\/?s={search_term_string}"},"query-input":{"@type":"PropertyValueSpecification","valueRequired":true,"valueName":"search_term_string"}}],"inLanguage":"fr-FR"}]}},"_links":{"self":[{"href":"https:\/\/lesruchersdesaintemaure.fr\/index.php?rest_route=\/wp\/v2\/pages\/365","targetHints":{"allow":["GET"]}}],"collection":[{"href":"https:\/\/lesruchersdesaintemaure.fr\/index.php?rest_route=\/wp\/v2\/pages"}],"about":[{"href":"https:\/\/lesruchersdesaintemaure.fr\/index.php?rest_route=\/wp\/v2\/types\/page"}],"author":[{"embeddable":true,"href":"https:\/\/lesruchersdesaintemaure.fr\/index.php?rest_route=\/wp\/v2\/users\/1"}],"replies":[{"embeddable":true,"href":"https:\/\/lesruchersdesaintemaure.fr\/index.php?rest_route=%2Fwp%2Fv2%2Fcomments&post=365"}],"version-history":[{"count":4,"href":"https:\/\/lesruchersdesaintemaure.fr\/index.php?rest_route=\/wp\/v2\/pages\/365\/revisions"}],"predecessor-version":[{"id":369,"href":"https:\/\/lesruchersdesaintemaure.fr\/index.php?rest_route=\/wp\/v2\/pages\/365\/revisions\/369"}],"wp:attachment":[{"href":"https:\/\/lesruchersdesaintemaure.fr\/index.php?rest_route=%2Fwp%2Fv2%2Fmedia&parent=365"}],"curies":[{"name":"wp","href":"https:\/\/api.w.org\/{rel}","templated":true}]}}